{"id":70,"date":"2018-06-15T09:24:31","date_gmt":"2018-06-15T07:24:31","guid":{"rendered":"http:\/\/gensofts.info\/projects\/mgm\/?page_id=70"},"modified":"2018-12-21T11:15:25","modified_gmt":"2018-12-21T10:15:25","slug":"about-sectest-team","status":"publish","type":"page","link":"\/de\/about-sectest-team\/","title":{"rendered":"About sectest.team"},"content":{"rendered":"<p><img decoding=\"async\" loading=\"lazy\" class=\"alignright size-full wp-image-11052\" src=\"\/wp-content\/uploads\/team.jpg\" alt=\"\" width=\"500\" height=\"531\" srcset=\"\/wp-content\/uploads\/team.jpg 500w, \/wp-content\/uploads\/team-282x300.jpg 282w\" sizes=\"(max-width: 500px) 100vw, 500px\" \/><\/p>\n<h2>Wer ist sectest.team?<\/h2>\n<p>Wir sind das Penetrationstest-Team der <a href=\"https:\/\/www.mgm-sp.com\/\">mgm security partners GmbH<\/a>!<\/p>\n<p>Wir sind Informatiker, Physiker, Mathematiker und allesamt begeisterte Security-Profis.<\/p>\n<p>Wir lieben es, uns ganz tief in Systeme, Anwendungen und Datenstr\u00f6me einzugraben. Um uns selbst und anderen zu beweisen: Da ist noch eine Schwachstelle, die bis jetzt noch keiner gefunden hat.<\/p>\n<p>Die Suche nach Schwachstellen ist h\u00e4ufig eine sehr individuelle Angelegenheit. Umso mehr suchen wir den Ausgleich im Team: Wir unterst\u00fctzen einander, erg\u00e4nzen uns mit unseren jeweiligen fachlichen Schwerpunkten, lernen voneinander.<\/p>\n<p>Wir sch\u00f6pfen unser Wissen aus dem riesigen Wissenspool, den wir \u00fcber die Jahre aufgebaut haben und sorgsam pflegen.<\/p>\n<p>&nbsp;<\/p>\n<h2>Wer sind mgm security partners?<\/h2>\n<p>Die kurze Antwort: Ein deutscher IT-Dienstleister, der sich auf die Sicherheit von Web-Anwendungen spezialisiert hat und mit \u00fcber 20 Jahren Erfahrung Kunden wie BMW, Siemens, Bosch oder Vattenfall bedient. Neben Penetrationstests bieten wir auch das gesamte Spektrum der Dienstleistungen im Bereich der Anwendungssicherheit an, wie Beratung, Source-Code-Analyse oder spezialisierte Schulungen zum Thema Cyber-Security.<\/p>\n<p>Die ausf\u00fchrliche Antwort: Bitte besuchen Sie die <a href=\"https:\/\/www.mgm-sp.com\" target=\"_blank\" rel=\"noopener\">Website der mgm security partners<\/a>.<\/p>\n","protected":false},"excerpt":{"rendered":"<p>Wer ist sectest.team? Wir sind das Penetrationstest-Team der mgm security partners GmbH! Wir sind Informatiker, Physiker, Mathematiker und allesamt begeisterte Security-Profis. Wir lieben es, uns ganz tief in Systeme, Anwendungen und Datenstr\u00f6me einzugraben. Um uns selbst und anderen zu beweisen: Da ist noch eine Schwachstelle, die bis jetzt noch keiner gefunden hat. Die Suche nach &hellip; <\/p>\n<p class=\"link-more\"><a href=\"\/de\/about-sectest-team\/\" class=\"more-link\"><span class=\"screen-reader-text\">&#8222;About sectest.team&#8220;<\/span> weiterlesen<\/a><\/p>\n","protected":false},"author":22,"featured_media":0,"parent":0,"menu_order":10,"comment_status":"closed","ping_status":"closed","template":"template-parts\/about.php","meta":[],"yoast_head":"<!-- This site is optimized with the Yoast SEO plugin v20.1 - https:\/\/yoast.com\/wordpress\/plugins\/seo\/ -->\n<title>About us - sectest.team<\/title>\n<meta name=\"description\" content=\"We have more than 15 year of experience. We executed a few thousands of pentests. Our clients are big or small enterprises, start-ups and could be you.\" \/>\n<meta name=\"robots\" content=\"index, follow, max-snippet:-1, max-image-preview:large, max-video-preview:-1\" \/>\n<link rel=\"canonical\" href=\"\/de\/about-sectest-team\/\" \/>\n<meta property=\"og:locale\" content=\"de_DE\" \/>\n<meta property=\"og:type\" content=\"article\" \/>\n<meta property=\"og:title\" content=\"About us - sectest.team\" \/>\n<meta property=\"og:description\" content=\"We have more than 15 year of experience. We executed a few thousands of pentests. Our clients are big or small enterprises, start-ups and could be you.\" \/>\n<meta property=\"og:url\" content=\"\/de\/about-sectest-team\/\" \/>\n<meta property=\"og:site_name\" content=\"sectest.team\" \/>\n<meta property=\"article:modified_time\" content=\"2018-12-21T10:15:25+00:00\" \/>\n<meta name=\"twitter:label1\" content=\"Gesch\u00e4tzte Lesezeit\" \/>\n\t<meta name=\"twitter:data1\" content=\"2\u00a0Minuten\" \/>\n<script type=\"application\/ld+json\" class=\"yoast-schema-graph\">{\"@context\":\"https:\/\/schema.org\",\"@graph\":[{\"@type\":\"WebPage\",\"@id\":\"\/de\/about-sectest-team\/\",\"url\":\"https:\/\/sectest.hostpress.me\/de\/about-sectest-team\/\",\"name\":\"About us - sectest.team\",\"isPartOf\":{\"@id\":\"https:\/\/sectest.hostpress.me\/#website\"},\"datePublished\":\"2018-06-15T07:24:31+00:00\",\"dateModified\":\"2018-12-21T10:15:25+00:00\",\"description\":\"We have more than 15 year of experience. We executed a few thousands of pentests. Our clients are big or small enterprises, start-ups and could be you.\",\"breadcrumb\":{\"@id\":\"https:\/\/sectest.hostpress.me\/de\/about-sectest-team\/#breadcrumb\"},\"inLanguage\":\"de-DE\",\"potentialAction\":[{\"@type\":\"ReadAction\",\"target\":[\"https:\/\/sectest.hostpress.me\/de\/about-sectest-team\/\"]}]},{\"@type\":\"BreadcrumbList\",\"@id\":\"https:\/\/sectest.hostpress.me\/de\/about-sectest-team\/#breadcrumb\",\"itemListElement\":[{\"@type\":\"ListItem\",\"position\":1,\"name\":\"Home\",\"item\":\"\/de\/\"},{\"@type\":\"ListItem\",\"position\":2,\"name\":\"About sectest.team\"}]},{\"@type\":\"WebSite\",\"@id\":\"https:\/\/sectest.hostpress.me\/#website\",\"url\":\"https:\/\/sectest.hostpress.me\/\",\"name\":\"sectest.team\",\"description\":\"\",\"potentialAction\":[{\"@type\":\"SearchAction\",\"target\":{\"@type\":\"EntryPoint\",\"urlTemplate\":\"https:\/\/sectest.hostpress.me\/?s={search_term_string}\"},\"query-input\":\"required name=search_term_string\"}],\"inLanguage\":\"de-DE\"}]}<\/script>\n<!-- \/ Yoast SEO plugin. -->","yoast_head_json":{"title":"About us - sectest.team","description":"We have more than 15 year of experience. We executed a few thousands of pentests. Our clients are big or small enterprises, start-ups and could be you.","robots":{"index":"index","follow":"follow","max-snippet":"max-snippet:-1","max-image-preview":"max-image-preview:large","max-video-preview":"max-video-preview:-1"},"canonical":"https:\/\/sectest.hostpress.me\/de\/about-sectest-team\/","og_locale":"de_DE","og_type":"article","og_title":"About us - sectest.team","og_description":"We have more than 15 year of experience. We executed a few thousands of pentests. Our clients are big or small enterprises, start-ups and could be you.","og_url":"\/de\/about-sectest-team\/","og_site_name":"sectest.team","article_modified_time":"2018-12-21T10:15:25+00:00","twitter_misc":{"Gesch\u00e4tzte Lesezeit":"2\u00a0Minuten"},"schema":{"@context":"https:\/\/schema.org","@graph":[{"@type":"WebPage","@id":"\/de\/about-sectest-team\/","url":"https:\/\/sectest.hostpress.me\/de\/about-sectest-team\/","name":"About us - sectest.team","isPartOf":{"@id":"https:\/\/sectest.hostpress.me\/#website"},"datePublished":"2018-06-15T07:24:31+00:00","dateModified":"2018-12-21T10:15:25+00:00","description":"We have more than 15 year of experience. We executed a few thousands of pentests. Our clients are big or small enterprises, start-ups and could be you.","breadcrumb":{"@id":"https:\/\/sectest.hostpress.me\/de\/about-sectest-team\/#breadcrumb"},"inLanguage":"de-DE","potentialAction":[{"@type":"ReadAction","target":["https:\/\/sectest.hostpress.me\/de\/about-sectest-team\/"]}]},{"@type":"BreadcrumbList","@id":"https:\/\/sectest.hostpress.me\/de\/about-sectest-team\/#breadcrumb","itemListElement":[{"@type":"ListItem","position":1,"name":"Home","item":"\/de\/"},{"@type":"ListItem","position":2,"name":"About sectest.team"}]},{"@type":"WebSite","@id":"https:\/\/sectest.hostpress.me\/#website","url":"https:\/\/sectest.hostpress.me\/","name":"sectest.team","description":"","potentialAction":[{"@type":"SearchAction","target":{"@type":"EntryPoint","urlTemplate":"https:\/\/sectest.hostpress.me\/?s={search_term_string}"},"query-input":"required name=search_term_string"}],"inLanguage":"de-DE"}]}},"_links":{"self":[{"href":"https:\/\/sectest.hostpress.me\/de\/wp-json\/wp\/v2\/pages\/70"}],"collection":[{"href":"https:\/\/sectest.hostpress.me\/de\/wp-json\/wp\/v2\/pages"}],"about":[{"href":"https:\/\/sectest.hostpress.me\/de\/wp-json\/wp\/v2\/types\/page"}],"author":[{"embeddable":true,"href":"https:\/\/sectest.hostpress.me\/de\/wp-json\/wp\/v2\/users\/22"}],"replies":[{"embeddable":true,"href":"https:\/\/sectest.hostpress.me\/de\/wp-json\/wp\/v2\/comments?post=70"}],"version-history":[{"count":5,"href":"https:\/\/sectest.hostpress.me\/de\/wp-json\/wp\/v2\/pages\/70\/revisions"}],"predecessor-version":[{"id":14289,"href":"https:\/\/sectest.hostpress.me\/de\/wp-json\/wp\/v2\/pages\/70\/revisions\/14289"}],"wp:attachment":[{"href":"https:\/\/sectest.hostpress.me\/de\/wp-json\/wp\/v2\/media?parent=70"}],"curies":[{"name":"wp","href":"https:\/\/api.w.org\/{rel}","templated":true}]}}