{"id":199,"date":"2018-06-26T09:40:29","date_gmt":"2018-06-26T07:40:29","guid":{"rendered":"http:\/\/gensofts.info\/projects\/mgm\/?page_id=199"},"modified":"2023-02-27T12:41:37","modified_gmt":"2023-02-27T11:41:37","slug":"privacy-statement","status":"publish","type":"page","link":"\/de\/privacy-statement\/","title":{"rendered":"Datenschutzerkl\u00e4rung"},"content":{"rendered":"<h3>Datenschutzerkl\u00e4rung der mgm technology partners GmbH sowie weiterer Unternehmen der mgm technology partners<\/h3>\n<p>Der Schutz Ihrer pers\u00f6nlichen Daten ist f\u00fcr Sie wichtig und ebenfalls f\u00fcr uns, die mgm technology partners GmbH und deren Tochtergesellschaften (kurz \u201emgm\u201c).<br \/>\nF\u00fcr uns gilt der Grundsatz: <strong>Datenschutz soll Menschen sch\u00fctzen, nicht Daten!<\/strong><br \/>\nDaher informieren wir Sie an dieser Stelle dar\u00fcber, welche Daten wir von Ihnen erheben, wof\u00fcr wir diese Daten verwenden und welche Rechte Sie als von der Verarbeitung Betroffene haben.<\/p>\n<h3>Verantwortliche Stelle f\u00fcr Erhebung und Verarbeitung pers\u00f6nlicher Daten<\/h3>\n<p>Gemeinsam Verantwortliche f\u00fcr die Verarbeitung Ihrer personenbezogenen Daten in einem gemeinsamen Verfahren (DS-GVO Art. 26):<br \/>\nDa wir in f\u00fcr alle Unternehmen der mgm weitgehend gleichen Verfahren und auf denselben technischen Plattformen Daten verarbeiten, sind alle Unternehmen der mgm datenschutzrechtlich \u201egemeinsam Verantwortliche\u201c, die Ihre Daten gemeinsam erheben und verarbeiten. Diese Verantwortlichen sind (mit Sitz und Postanschrift):<\/p>\n<ul>\n<li>mgm technology partners gmbh: Taunusstra\u00dfe 23, 80807 M\u00fcnchen, Deutschland<\/li>\n<li>mgm consulting partners gmbh: Holl\u00e4ndischer Brook 2, 20457 Hamburg, Deutschland<\/li>\n<li>mgm integration partners gmbh, Ludwig-Erhard-Stra\u00dfe 31,84034 Landshut, Deutschland<\/li>\n<li>mgm security partners gmbh: Taunusstra\u00dfe 23, 80807 M\u00fcnchen, Deutschland<\/li>\n<li>QFS \u2013 Quality First Software GmbH, B\u00fcrgermeister-Graf-Ring 10, 82538 Geretsried, Deutschland<\/li>\n<li>mgm process partners gmbh: Taunusstra\u00dfe 23, 80807 M\u00fcnchen, Deutschland<\/li>\n<li>mgm technology partners s.r.o.: Letensk\u00e9 n\u00e1mesti. 157, 170 00 Praha 7-Bubene\u010d, Czech Republic<\/li>\n<li>mgm technology partners France eurl: 26 All\u00e9e Aloyzi Kospicki, 38000 Grenoble, France<\/li>\n<li>mgm consulting partners austria gmbh, Reichenhaller Stra\u00dfe 10b, 5020 Salzburg, \u00d6sterreich<\/li>\n<\/ul>\n<p>Bei allen mgm Unternehmen ist ein gemeinsamer Datenschutzkoordinator bestellt. Sollten Sie Fragen, Anregungen oder Kritik in Bezug auf den Datenschutz bei mgm haben, so kontaktieren Sie bitte:<br \/>\nmgm technology partners GmbH<br \/>\nDatenschutz<br \/>\nTaunusstra\u00dfe 23, 80807 M\u00fcnchen, Deutschland<br \/>\nE-Mail: <a href=\"mailto:datenschutz@mgm-tp.com\">datenschutz@mgm-tp.com<\/a><\/p>\n<h3>In welchen F\u00e4llen erhebt und verarbeitet mgm pers\u00f6nliche Daten<\/h3>\n<p>Wir freuen uns \u00fcber Ihren Besuch auf unseren Webseiten und m\u00f6chten Ihnen transparent darlegen, ob und wann Ihre personenbezogenen Daten erhoben und verarbeitet werden. S\u00e4mtliche Datenerhebungen und -verarbeitungen erfolgen zu klar bestimmten Zwecken. Diese k\u00f6nnen sich aus technischen Notwendigkeiten, vertraglichen Erfordernissen oder ausdr\u00fccklichen Zustimmungen der Benutzer oder aus berechtigten Interessen der mgm ergeben:<\/p>\n<ul>\n<li>Aus <strong>technischen Gr\u00fcnden<\/strong> werden beim Aufruf von Webseiten der mgm Nutzungsdaten erhoben und gespeichert (das Datum und die Dauer des Besuchs, die genutzten Webseiten, die Erkennungsdaten des verwendeten Browser- und Betriebssystemtyps sowie die Webseite, von welcher Sie uns besuchen). Diese Daten verwendet mgm ausschlie\u00dflich zum Zweck der technischen Administration der Webseiten, zur Web-Security und zur Optimierung der Benutzung.<\/li>\n<li>Aus <strong>vertraglichen Gr\u00fcnden<\/strong> und aus Gr\u00fcnden einer Vertragsanbahnung (z. B. Abwicklung einer Bewerbung) ben\u00f6tigen wir von Ihnen ebenfalls personenbezogene Daten. Au\u00dferdem verwenden wir Daten zur <strong>Erf\u00fcllung gesetzlicher Verpflichtungen<\/strong>, z. B. Dokumentations-, Nachweis- und Aufbewahrungspflichten.<\/li>\n<li><strong>Anmeldung zum Newsletter<\/strong><br \/>\nMelden Sie sich zu einem Newsletter von uns an, kann Ihre E-Mail-Adresse durch mgm f\u00fcr eigene werbliche Zwecke genutzt werden. Sie k\u00f6nnen sich jederzeit vom Newsletter abmelden, indem Sie den Abmelde-Link anklicken, der in jedem Newsletter enthalten ist.<\/li>\n<\/ul>\n<h3>Wann l\u00f6schen wir Ihre Daten?<\/h3>\n<p>Ihre Daten werden grunds\u00e4tzlich gel\u00f6scht, sobald sie f\u00fcr die Erf\u00fcllung des Zwecks, zu dem sie erhoben wurden, nicht mehr erforderlich sind. Zudem sind Ihre Daten zu l\u00f6schen, wenn ihre Speicherung unzul\u00e4ssig ist, insbesondere wenn die Daten unrichtig sind und eine Korrektur nicht m\u00f6glich ist oder wenn Sie eine L\u00f6schung w\u00fcnschen.<br \/>\nAn die Stelle der L\u00f6schung tritt die Sperrung, sofern rechtliche oder tats\u00e4chliche Hindernisse einer L\u00f6schung entgegenstehen (beispielsweise besondere Aufbewahrungspflichten aufgrund von Vertr\u00e4gen, Haftungen oder gesetzlicher Vorgaben) oder der Ber\u00fccksichtigung von Verfalls- bzw. Verj\u00e4hrungsfristen.<br \/>\nAn die Stelle einer L\u00f6schung von pers\u00f6nlichen Daten kann die dauerhafte unumkehrbare Anonymisierung der Daten treten.<\/p>\n<h3>Werden Daten verschl\u00fcsselt?<\/h3>\n<p>Das Hochladen von Unterlagen auf unseren daf\u00fcr vorgesehenen Webseiten erfolgt innerhalb einer gesicherten Verbindung.<br \/>\nSoweit auf unserer Internetseite Kontaktformulare vorhanden sind, welche f\u00fcr elektronische Kontaktaufnahmen genutzt werden k\u00f6nnen und diese M\u00f6glichkeit wahrgenommen wird, so werden die in der Eingabemaske eingegeben Daten an uns \u00fcbermittelt und gespeichert. F\u00fcr die Verarbeitung der Daten wird vor Ende des Sendevorgangs Ihre Einwilligung eingeholt und auf diese Datenschutzerkl\u00e4rung verwiesen.<br \/>\nWir weisen Sie vorsorglich darauf hin, dass bei der Informations\u00fcbermittlung \u00fcber andere Kommunikationskan\u00e4le wie z. B. per E-Mail eine sichere \u00dcbertragung nicht in allen F\u00e4llen gew\u00e4hrleistet werden kann.<\/p>\n<h3>Werden Daten weitergegeben?<\/h3>\n<p>Eine Weitergabe oder sonstige \u00dcbermittlung Ihrer personenbezogenen Daten an Dritte erfolgt grunds\u00e4tzlich nicht.<br \/>\nIm zul\u00e4ssigen Rahmen einer Auftragsverarbeitung k\u00f6nnen durch mgm Dienstleister mit Teilen der Verarbeitung beauftragt werden, z. B. auch durch Nutzung technischer Plattformen. mgm bleibt auch in diesem Fall f\u00fcr den Schutz Ihrer Daten verantwortlich. Auftragsverarbeiter sind im Rahmen der DS-GVO und vertraglich zum Schutz Ihrer Daten verpflichtet und z\u00e4hlen nicht als Dritte. Sie arbeiten ausschlie\u00dflich nach unserer Weisung, was durch strenge vertragliche Regelungen, durch technische und organisatorische Ma\u00dfnahmen und erg\u00e4nzende Kontrollen sichergestellt wird.<br \/>\nSofern wir als Verantwortliche der Verarbeitung Daten an andere Verantwortliche oder Dienstleister mit Sitz au\u00dferhalb der Europ\u00e4ischen Union \u00fcbermitteln, geschieht dies unter strikter Beachtung der in den Datenschutzbestimmungen beschriebenen Nutzungszwecke und nur, sofern diese Dienstleister ein Schutzniveau bieten, das den EU-Standardvertragsklauseln entspricht und unter Vereinbarung dieser Klauseln. Dies gilt sowohl f\u00fcr unsere als Auftragsverarbeiter t\u00e4tigen Auslandsgesellschaften mgm technology partners USA Corp und mgm technology partners Viet Nam Co Ltd wie auch f\u00fcr andere Auftragsverarbeiter.<br \/>\nmgm-Webseiten laden weder externe Inhalte hinzu noch \u00fcbermitteln Sie Informationen an Dritte mit folgenden Ausnahmen:<\/p>\n<ul>\n<li><strong>insights.mgm-tp.com<\/strong>:<br \/>\nHier werden Inhalte von den Plattformen youtube.com und vimeo.com bereitgestellt<\/li>\n<li><strong>jobs.mgm-tp.com<\/strong>:<br \/>\nHier werden Inhalte von den Plattformen dvinci.de, youtube.com und vimeo.com bereitgestellt<\/li>\n<\/ul>\n<h3>Wie steht es mit Cookies?<\/h3>\n<p>Zur Erl\u00e4uterung: Cookies sind kleine Textdateien, in denen personenbezogene Daten gespeichert werden k\u00f6nnen. Es wird \u00fcblicherweise zwischen Cookies, die f\u00fcr die technischen Funktionen der Webseite zwingend erforderlich sind und optionalen Cookies unterschieden.<br \/>\nNur als genereller Hinweis: Grunds\u00e4tzlich ist das regelm\u00e4\u00dfige L\u00f6schen von gespeicherten Cookies eine geeignete Ma\u00dfnahme zur Verbesserung des Datenschutzes. Bitte beachten Sie dabei jedoch: Bei L\u00f6schung aller Cookies werden auch etwaige gesetzte Widerspruchscookies (Opt-Out-Cookies) gel\u00f6scht, sodass Sie erkl\u00e4rte Widerspr\u00fcche ggf. erneut erkl\u00e4ren m\u00fcssen.<br \/>\nDie Nutzung von mgm-Webseiten funktioniert ohne Cookies \u2013 mit nachstehenden Ausnahmen. Auf den meisten unserer Webseiten verzichten wir deshalb auch auf das auf zahlreichen Webseiten-Anbietern \u00fcbliche Cookie-Popup.<\/p>\n<ul>\n<li><strong>insights.mgm-tp.com<\/strong>:<br \/>\nHier werden Inhalte von den Plattformen youtube.com und vimeo.com bereitgestellt und beim Abruf ggf. Cookies gesetzt (Zustimmung per Cookie-Popup)<\/li>\n<li><strong>jobs.mgm-tp.com<\/strong>:<br \/>\nHier werden Inhalte von den Plattformen dvinci.de, youtube.com und vimeo.com bereitgestellt und beim Abruf ggf. Cookies gesetzt (Zustimmung per Cookie-Popup)<\/li>\n<\/ul>\n<h3>Externe Webseiten<\/h3>\n<p>Wenn Sie einen Link auf eine externe Seite anklicken, bewegen Sie sich au\u00dferhalb der mgm Webseiten. mgm ist somit nicht verantwortlich f\u00fcr den Inhalt, die Dienste oder Produkte, die auf der verlinkten Webseite angeboten werden und auch nicht f\u00fcr den Datenschutz und die technische Sicherheit auf der verlinkten Webseite.<\/p>\n<h3>Ihre wichtigsten Rechte als Betroffene<\/h3>\n<ul>\n<li>Sie k\u00f6nnen jederzeit Auskunft dar\u00fcber verlangen, welche Daten \u00fcber Sie gespeichert sind.<\/li>\n<li>Sie haben das Recht, die Sie betreffenden personenbezogenen Daten, die Sie dem Verantwortlichen bereitgestellt haben, in einem strukturierten, g\u00e4ngigen und maschinenlesbaren Format zu erhalten (Recht auf Daten\u00fcbertragbarkeit).<\/li>\n<li>Sie haben zudem das Recht, aus Gr\u00fcnden, die sich aus Ihrer besonderen Situation ergeben, jederzeit gegen die Verarbeitung der Sie betreffenden personenbezogenen Daten Widerspruch einzulegen, welche aufgrund der DS-GVO Art. 6 Abs. 1 lit. e oder f erfolgt.<\/li>\n<li>Sie k\u00f6nnen eine erteilte Einwilligung in die Verarbeitung Ihrer Daten jederzeit auch mit Wirkung f\u00fcr die Zukunft widerrufen bzw. k\u00f6nnen der werblichen Ansprache widersprechen.<\/li>\n<li>Unbeschadet eines anderweitigen verwaltungsrechtlichen oder gerichtlichen Rechtsbehelfs steht Ihnen jederzeit das Recht auf Beschwerde bei einer Aufsichtsbeh\u00f6rde zu, wenn Sie der Ansicht sind, dass die Verarbeitung der Sie betreffenden personenbezogenen Daten gegen die DS-GVO verst\u00f6\u00dft.<\/li>\n<\/ul>\n<p>F\u00fcr die Aus\u00fcbung Ihrer Rechte oder f\u00fcr weitere Ausk\u00fcnfte gen\u00fcgt<\/p>\n<p>ein Schreiben <strong>auf dem Postweg<\/strong> an:<br \/>\nmgm technology partners gmbh<br \/>\nDatenschutzkoordinator<br \/>\nTaunusstra\u00dfe 23, 80807 M\u00fcnchen, Deutschland<br \/>\noder<br \/>\nan einen der anderen oben genannten gemeinsamen Verantwortlichen<\/p>\n<p>oder eine E-Mail an IndividualPrivacyRights@mgm-tp.com<\/p>\n<h3>Stand der Informationen zum Datenschutz<\/h3>\n<p>mgm beh\u00e4lt sich das Recht vor, diese Datenschutzerkl\u00e4rung jederzeit zu \u00e4ndern, indem eine aktualisierte Version in unseren Webseiten ver\u00f6ffentlicht wird. Alle \u00c4nderungen treten mit dem angegebenen Datum der letzten Aktualisierung in Kraft, und die Fortsetzung der Nutzung unserer Dienste ab diesem Datum gilt als Kenntnisnahme und Zustimmung zu diesen \u00c4nderungen.<br \/>\nStand: 31. Oktober 2022<\/p>\n","protected":false},"excerpt":{"rendered":"<p>Datenschutzerkl\u00e4rung der mgm technology partners GmbH sowie weiterer Unternehmen der mgm technology partners Der Schutz Ihrer pers\u00f6nlichen Daten ist f\u00fcr Sie wichtig und ebenfalls f\u00fcr uns, die mgm technology partners GmbH und deren Tochtergesellschaften (kurz \u201emgm\u201c). F\u00fcr uns gilt der Grundsatz: Datenschutz soll Menschen sch\u00fctzen, nicht Daten! Daher informieren wir Sie an dieser Stelle dar\u00fcber, &hellip; <\/p>\n<p class=\"link-more\"><a href=\"\/de\/privacy-statement\/\" class=\"more-link\"><span class=\"screen-reader-text\">&#8222;Datenschutzerkl\u00e4rung&#8220;<\/span> weiterlesen<\/a><\/p>\n","protected":false},"author":22,"featured_media":0,"parent":0,"menu_order":70,"comment_status":"closed","ping_status":"closed","template":"","meta":[],"yoast_head":"<!-- This site is optimized with the Yoast SEO plugin v20.1 - https:\/\/yoast.com\/wordpress\/plugins\/seo\/ -->\n<title>Datenschutzerkl\u00e4rung - sectest.team<\/title>\n<meta name=\"robots\" content=\"index, follow, max-snippet:-1, max-image-preview:large, max-video-preview:-1\" \/>\n<link rel=\"canonical\" href=\"\/de\/privacy-statement\/\" \/>\n<meta property=\"og:locale\" content=\"de_DE\" \/>\n<meta property=\"og:type\" content=\"article\" \/>\n<meta property=\"og:title\" content=\"Datenschutzerkl\u00e4rung\" \/>\n<meta property=\"og:description\" content=\"Datenschutzerkl\u00e4rung der mgm technology partners GmbH sowie weiterer Unternehmen der mgm technology partners Der Schutz Ihrer pers\u00f6nlichen Daten ist f\u00fcr Sie wichtig und ebenfalls f\u00fcr uns, die mgm technology partners GmbH und deren Tochtergesellschaften (kurz \u201emgm\u201c). F\u00fcr uns gilt der Grundsatz: Datenschutz soll Menschen sch\u00fctzen, nicht Daten! Daher informieren wir Sie an dieser Stelle dar\u00fcber, &hellip; &quot;Datenschutzerkl\u00e4rung&quot; weiterlesen\" \/>\n<meta property=\"og:url\" content=\"\/de\/privacy-statement\/\" \/>\n<meta property=\"og:site_name\" content=\"sectest.team\" \/>\n<meta property=\"article:modified_time\" content=\"2023-02-27T11:41:37+00:00\" \/>\n<meta name=\"twitter:label1\" content=\"Gesch\u00e4tzte Lesezeit\" \/>\n\t<meta name=\"twitter:data1\" content=\"6\u00a0Minuten\" \/>\n<script type=\"application\/ld+json\" class=\"yoast-schema-graph\">{\"@context\":\"https:\/\/schema.org\",\"@graph\":[{\"@type\":\"WebPage\",\"@id\":\"\/de\/privacy-statement\/\",\"url\":\"https:\/\/sectest.hostpress.me\/de\/privacy-statement\/\",\"name\":\"[:en]Privacy Policy[:de]Datenschutzerkl\u00e4rung[:] - sectest.team\",\"isPartOf\":{\"@id\":\"https:\/\/sectest.hostpress.me\/#website\"},\"datePublished\":\"2018-06-26T07:40:29+00:00\",\"dateModified\":\"2023-02-27T11:41:37+00:00\",\"breadcrumb\":{\"@id\":\"https:\/\/sectest.hostpress.me\/de\/privacy-statement\/#breadcrumb\"},\"inLanguage\":\"de-DE\",\"potentialAction\":[{\"@type\":\"ReadAction\",\"target\":[\"https:\/\/sectest.hostpress.me\/de\/privacy-statement\/\"]}]},{\"@type\":\"BreadcrumbList\",\"@id\":\"https:\/\/sectest.hostpress.me\/de\/privacy-statement\/#breadcrumb\",\"itemListElement\":[{\"@type\":\"ListItem\",\"position\":1,\"name\":\"Home\",\"item\":\"\/de\/\"},{\"@type\":\"ListItem\",\"position\":2,\"name\":\"Datenschutzerkl\u00e4rung\"}]},{\"@type\":\"WebSite\",\"@id\":\"https:\/\/sectest.hostpress.me\/#website\",\"url\":\"https:\/\/sectest.hostpress.me\/\",\"name\":\"sectest.team\",\"description\":\"\",\"potentialAction\":[{\"@type\":\"SearchAction\",\"target\":{\"@type\":\"EntryPoint\",\"urlTemplate\":\"https:\/\/sectest.hostpress.me\/?s={search_term_string}\"},\"query-input\":\"required name=search_term_string\"}],\"inLanguage\":\"de-DE\"}]}<\/script>\n<!-- \/ Yoast SEO plugin. -->","yoast_head_json":{"title":"Datenschutzerkl\u00e4rung - sectest.team","robots":{"index":"index","follow":"follow","max-snippet":"max-snippet:-1","max-image-preview":"max-image-preview:large","max-video-preview":"max-video-preview:-1"},"canonical":"https:\/\/sectest.hostpress.me\/de\/privacy-statement\/","og_locale":"de_DE","og_type":"article","og_title":"[:en]Privacy Policy[:de]Datenschutzerkl\u00e4rung[:] - sectest.team","og_description":"Datenschutzerkl\u00e4rung der mgm technology partners GmbH sowie weiterer Unternehmen der mgm technology partners Der Schutz Ihrer pers\u00f6nlichen Daten ist f\u00fcr Sie wichtig und ebenfalls f\u00fcr uns, die mgm technology partners GmbH und deren Tochtergesellschaften (kurz \u201emgm\u201c). F\u00fcr uns gilt der Grundsatz: Datenschutz soll Menschen sch\u00fctzen, nicht Daten! Daher informieren wir Sie an dieser Stelle dar\u00fcber, &hellip; \"Datenschutzerkl\u00e4rung\" weiterlesen","og_url":"\/de\/privacy-statement\/","og_site_name":"sectest.team","article_modified_time":"2023-02-27T11:41:37+00:00","twitter_misc":{"Gesch\u00e4tzte Lesezeit":"6\u00a0Minuten"},"schema":{"@context":"https:\/\/schema.org","@graph":[{"@type":"WebPage","@id":"\/de\/privacy-statement\/","url":"https:\/\/sectest.hostpress.me\/de\/privacy-statement\/","name":"[:en]Privacy Policy[:de]Datenschutzerkl\u00e4rung[:] - sectest.team","isPartOf":{"@id":"https:\/\/sectest.hostpress.me\/#website"},"datePublished":"2018-06-26T07:40:29+00:00","dateModified":"2023-02-27T11:41:37+00:00","breadcrumb":{"@id":"https:\/\/sectest.hostpress.me\/de\/privacy-statement\/#breadcrumb"},"inLanguage":"de-DE","potentialAction":[{"@type":"ReadAction","target":["https:\/\/sectest.hostpress.me\/de\/privacy-statement\/"]}]},{"@type":"BreadcrumbList","@id":"https:\/\/sectest.hostpress.me\/de\/privacy-statement\/#breadcrumb","itemListElement":[{"@type":"ListItem","position":1,"name":"Home","item":"\/de\/"},{"@type":"ListItem","position":2,"name":"Datenschutzerkl\u00e4rung"}]},{"@type":"WebSite","@id":"https:\/\/sectest.hostpress.me\/#website","url":"https:\/\/sectest.hostpress.me\/","name":"sectest.team","description":"","potentialAction":[{"@type":"SearchAction","target":{"@type":"EntryPoint","urlTemplate":"https:\/\/sectest.hostpress.me\/?s={search_term_string}"},"query-input":"required name=search_term_string"}],"inLanguage":"de-DE"}]}},"_links":{"self":[{"href":"https:\/\/sectest.hostpress.me\/de\/wp-json\/wp\/v2\/pages\/199"}],"collection":[{"href":"https:\/\/sectest.hostpress.me\/de\/wp-json\/wp\/v2\/pages"}],"about":[{"href":"https:\/\/sectest.hostpress.me\/de\/wp-json\/wp\/v2\/types\/page"}],"author":[{"embeddable":true,"href":"https:\/\/sectest.hostpress.me\/de\/wp-json\/wp\/v2\/users\/22"}],"replies":[{"embeddable":true,"href":"https:\/\/sectest.hostpress.me\/de\/wp-json\/wp\/v2\/comments?post=199"}],"version-history":[{"count":8,"href":"https:\/\/sectest.hostpress.me\/de\/wp-json\/wp\/v2\/pages\/199\/revisions"}],"predecessor-version":[{"id":14380,"href":"https:\/\/sectest.hostpress.me\/de\/wp-json\/wp\/v2\/pages\/199\/revisions\/14380"}],"wp:attachment":[{"href":"https:\/\/sectest.hostpress.me\/de\/wp-json\/wp\/v2\/media?parent=199"}],"curies":[{"name":"wp","href":"https:\/\/api.w.org\/{rel}","templated":true}]}}