{"id":14006,"date":"2018-09-07T12:04:18","date_gmt":"2018-09-07T10:04:18","guid":{"rendered":"\/?page_id=14006"},"modified":"2018-12-10T03:57:57","modified_gmt":"2018-12-10T02:57:57","slug":"docker-security","status":"publish","type":"page","link":"\/de\/docker-security\/","title":{"rendered":"Docker-Security"},"content":{"rendered":"<h2>Was sind die Kernaspekte von Docker-Security?<\/h2>\n<p>Container sind im Unterschied zu Standardvirtualisierungstechnologien leichtgewichtig und flexibel einsetzbar,\u00a0weshalb sie im DevOps-Umfeld auf der ganzen Welt immer beliebter werden.<\/p>\n<p>Ein Docker-Container &#8230;<\/p>\n<ul>\n<li>&#8230; ist minimalistisch<\/li>\n<li>&#8230; ist aufgabenspezifisch<\/li>\n<li>&#8230; ist isoliert<\/li>\n<li>&#8230; ist reproduzierbar<img decoding=\"async\" loading=\"lazy\" class=\"wp-image-11037 alignright\" src=\"\/wp-content\/uploads\/foot-graphic-2-3.png\" alt=\"\" width=\"261\" height=\"277\" srcset=\"\/wp-content\/uploads\/foot-graphic-2-3.png 358w, \/wp-content\/uploads\/foot-graphic-2-3-283x300.png 283w\" sizes=\"(max-width: 261px) 100vw, 261px\" \/><\/li>\n<\/ul>\n<p>Um die Sicherheit von Docker-Systemen zu betrachten, m\u00fcssen folgende Punkte untersucht werden:<\/p>\n<ul>\n<li>Docker-Images &#8211; Behinalten diese Komponenten mit bekannten Schwachstellen?\u00a0 Ist der Inhalt vertrauensw\u00fcrdig? Werden vertrauliche Daten preisgegeben?<\/li>\n<li>Docker-Registry &#8211; Wo werden die Images abgelegt?<\/li>\n<li>Docker-Runtime\/Container &#8211; Wie sicher ist die Konfiguration der laufenden Container?<\/li>\n<li>Docker-Host und Konfiguration &#8211; Docker ist nur so sicher wie der darunterliegende Host! Wurde dieser ausreichend geh\u00e4rtet? Wie sieht die Docker-Konfiguration aus?<\/li>\n<\/ul>\n<h2><span>Ist mein Docker-Container sicher? <\/span><\/h2>\n<p>Wollen Sie sicherstellen, dass alle oben genannten Aspekte bei Ihnen den g\u00e4ngigen Sicherheitsstandards entsprechen? Unser Team \u00fcbernimmt f\u00fcr Sie gerne eine umfangreiche Untersuchung! Von einfachen Image-Checks bis zur vollen Docker-Host-Analyse! Kontaktieren Sie uns f\u00fcr ein Festpreisangebot!<\/p>\n<p><img decoding=\"async\" loading=\"lazy\" class=\"alignnone\" style=\"font-size: 1rem;\" src=\"https:\/\/www.docker.com\/sites\/default\/files\/vertical.png\" alt=\"Docker logo horizontal spacing\" width=\"129\" height=\"109\" \/><\/p>\n","protected":false},"excerpt":{"rendered":"<p>Was sind die Kernaspekte von Docker-Security? Container sind im Unterschied zu Standardvirtualisierungstechnologien leichtgewichtig und flexibel einsetzbar,\u00a0weshalb sie im DevOps-Umfeld auf der ganzen Welt immer beliebter werden. Ein Docker-Container &#8230; &#8230; ist minimalistisch &#8230; ist aufgabenspezifisch &#8230; ist isoliert &#8230; ist reproduzierbar Um die Sicherheit von Docker-Systemen zu betrachten, m\u00fcssen folgende Punkte untersucht werden: Docker-Images &#8211; &hellip; <\/p>\n<p class=\"link-more\"><a href=\"\/de\/docker-security\/\" class=\"more-link\"><span class=\"screen-reader-text\">&#8222;Docker-Security&#8220;<\/span> weiterlesen<\/a><\/p>\n","protected":false},"author":17,"featured_media":0,"parent":0,"menu_order":90,"comment_status":"closed","ping_status":"closed","template":"","meta":[],"yoast_head":"<!-- This site is optimized with the Yoast SEO plugin v20.1 - https:\/\/yoast.com\/wordpress\/plugins\/seo\/ -->\n<title>Docker-Security - sectest.team<\/title>\n<meta name=\"robots\" content=\"index, follow, max-snippet:-1, max-image-preview:large, max-video-preview:-1\" \/>\n<link rel=\"canonical\" href=\"\/docker-security\/\" \/>\n<meta property=\"og:locale\" content=\"de_DE\" \/>\n<meta property=\"og:type\" content=\"article\" \/>\n<meta property=\"og:title\" content=\"Docker-Security\" \/>\n<meta property=\"og:description\" content=\"Was sind die Kernaspekte von Docker-Security? Container sind im Unterschied zu Standardvirtualisierungstechnologien leichtgewichtig und flexibel einsetzbar,\u00a0weshalb sie im DevOps-Umfeld auf der ganzen Welt immer beliebter werden. Ein Docker-Container &#8230; &#8230; ist minimalistisch &#8230; ist aufgabenspezifisch &#8230; ist isoliert &#8230; ist reproduzierbar Um die Sicherheit von Docker-Systemen zu betrachten, m\u00fcssen folgende Punkte untersucht werden: Docker-Images &#8211; &hellip; &quot;Docker-Security&quot; weiterlesen\" \/>\n<meta property=\"og:url\" content=\"\/docker-security\/\" \/>\n<meta property=\"og:site_name\" content=\"sectest.team\" \/>\n<meta property=\"article:modified_time\" content=\"2018-12-10T02:57:57+00:00\" \/>\n<meta property=\"og:image\" content=\"https:\/\/www.docker.com\/sites\/default\/files\/vertical.png\" \/>\n<meta name=\"twitter:label1\" content=\"Gesch\u00e4tzte Lesezeit\" \/>\n\t<meta name=\"twitter:data1\" content=\"2\u00a0Minuten\" \/>\n<script type=\"application\/ld+json\" class=\"yoast-schema-graph\">{\"@context\":\"https:\/\/schema.org\",\"@graph\":[{\"@type\":\"WebPage\",\"@id\":\"\/docker-security\/\",\"url\":\"https:\/\/sectest.hostpress.me\/docker-security\/\",\"name\":\"[:en]Docker Security[:de]Docker-Security[:] - sectest.team\",\"isPartOf\":{\"@id\":\"https:\/\/sectest.hostpress.me\/#website\"},\"datePublished\":\"2018-09-07T10:04:18+00:00\",\"dateModified\":\"2018-12-10T02:57:57+00:00\",\"breadcrumb\":{\"@id\":\"https:\/\/sectest.hostpress.me\/docker-security\/#breadcrumb\"},\"inLanguage\":\"de-DE\",\"potentialAction\":[{\"@type\":\"ReadAction\",\"target\":[\"https:\/\/sectest.hostpress.me\/docker-security\/\"]}]},{\"@type\":\"BreadcrumbList\",\"@id\":\"https:\/\/sectest.hostpress.me\/docker-security\/#breadcrumb\",\"itemListElement\":[{\"@type\":\"ListItem\",\"position\":1,\"name\":\"Home\",\"item\":\"\/de\/\"},{\"@type\":\"ListItem\",\"position\":2,\"name\":\"Docker Security\"}]},{\"@type\":\"WebSite\",\"@id\":\"https:\/\/sectest.hostpress.me\/#website\",\"url\":\"https:\/\/sectest.hostpress.me\/\",\"name\":\"sectest.team\",\"description\":\"\",\"potentialAction\":[{\"@type\":\"SearchAction\",\"target\":{\"@type\":\"EntryPoint\",\"urlTemplate\":\"https:\/\/sectest.hostpress.me\/?s={search_term_string}\"},\"query-input\":\"required name=search_term_string\"}],\"inLanguage\":\"de-DE\"}]}<\/script>\n<!-- \/ Yoast SEO plugin. -->","yoast_head_json":{"title":"Docker-Security - sectest.team","robots":{"index":"index","follow":"follow","max-snippet":"max-snippet:-1","max-image-preview":"max-image-preview:large","max-video-preview":"max-video-preview:-1"},"canonical":"https:\/\/sectest.hostpress.me\/docker-security\/","og_locale":"de_DE","og_type":"article","og_title":"[:en]Docker Security[:de]Docker-Security[:] - sectest.team","og_description":"Was sind die Kernaspekte von Docker-Security? Container sind im Unterschied zu Standardvirtualisierungstechnologien leichtgewichtig und flexibel einsetzbar,\u00a0weshalb sie im DevOps-Umfeld auf der ganzen Welt immer beliebter werden. Ein Docker-Container &#8230; &#8230; ist minimalistisch &#8230; ist aufgabenspezifisch &#8230; ist isoliert &#8230; ist reproduzierbar Um die Sicherheit von Docker-Systemen zu betrachten, m\u00fcssen folgende Punkte untersucht werden: Docker-Images &#8211; &hellip; \"Docker-Security\" weiterlesen","og_url":"\/docker-security\/","og_site_name":"sectest.team","article_modified_time":"2018-12-10T02:57:57+00:00","og_image":[{"url":"https:\/\/www.docker.com\/sites\/default\/files\/vertical.png"}],"twitter_misc":{"Gesch\u00e4tzte Lesezeit":"2\u00a0Minuten"},"schema":{"@context":"https:\/\/schema.org","@graph":[{"@type":"WebPage","@id":"\/docker-security\/","url":"https:\/\/sectest.hostpress.me\/docker-security\/","name":"[:en]Docker Security[:de]Docker-Security[:] - sectest.team","isPartOf":{"@id":"https:\/\/sectest.hostpress.me\/#website"},"datePublished":"2018-09-07T10:04:18+00:00","dateModified":"2018-12-10T02:57:57+00:00","breadcrumb":{"@id":"https:\/\/sectest.hostpress.me\/docker-security\/#breadcrumb"},"inLanguage":"de-DE","potentialAction":[{"@type":"ReadAction","target":["https:\/\/sectest.hostpress.me\/docker-security\/"]}]},{"@type":"BreadcrumbList","@id":"https:\/\/sectest.hostpress.me\/docker-security\/#breadcrumb","itemListElement":[{"@type":"ListItem","position":1,"name":"Home","item":"\/de\/"},{"@type":"ListItem","position":2,"name":"Docker Security"}]},{"@type":"WebSite","@id":"https:\/\/sectest.hostpress.me\/#website","url":"https:\/\/sectest.hostpress.me\/","name":"sectest.team","description":"","potentialAction":[{"@type":"SearchAction","target":{"@type":"EntryPoint","urlTemplate":"https:\/\/sectest.hostpress.me\/?s={search_term_string}"},"query-input":"required name=search_term_string"}],"inLanguage":"de-DE"}]}},"_links":{"self":[{"href":"https:\/\/sectest.hostpress.me\/de\/wp-json\/wp\/v2\/pages\/14006"}],"collection":[{"href":"https:\/\/sectest.hostpress.me\/de\/wp-json\/wp\/v2\/pages"}],"about":[{"href":"https:\/\/sectest.hostpress.me\/de\/wp-json\/wp\/v2\/types\/page"}],"author":[{"embeddable":true,"href":"https:\/\/sectest.hostpress.me\/de\/wp-json\/wp\/v2\/users\/17"}],"replies":[{"embeddable":true,"href":"https:\/\/sectest.hostpress.me\/de\/wp-json\/wp\/v2\/comments?post=14006"}],"version-history":[{"count":5,"href":"https:\/\/sectest.hostpress.me\/de\/wp-json\/wp\/v2\/pages\/14006\/revisions"}],"predecessor-version":[{"id":14039,"href":"https:\/\/sectest.hostpress.me\/de\/wp-json\/wp\/v2\/pages\/14006\/revisions\/14039"}],"wp:attachment":[{"href":"https:\/\/sectest.hostpress.me\/de\/wp-json\/wp\/v2\/media?parent=14006"}],"curies":[{"name":"wp","href":"https:\/\/api.w.org\/{rel}","templated":true}]}}